{"id":164,"date":"2015-10-01T23:44:06","date_gmt":"2015-10-01T23:44:06","guid":{"rendered":"https:\/\/hoc.nclab.com\/karel\/?page_id=164"},"modified":"2017-11-03T12:45:55","modified_gmt":"2017-11-03T19:45:55","slug":"solutions","status":"publish","type":"page","link":"https:\/\/hoc.nclab.com\/karel\/solutions\/","title":{"rendered":"Solution Manuals"},"content":{"rendered":"<div class=\"row\" style=\"margin: 10px 12px;\">\n<div class=\"col-md-4\">\n<a href=\"solution\" target=\"_blank\" title=\"Karel Manual\"><\/p>\n<div class=\"panel panel-default book-panel\">\n<div class=\"panel-heading book-karel-manual us-uk\">\n<div class=\"bookFlag flag-us-uk\"><\/div>\n<\/div>\n<div class=\"panel-body book-panel-body\">\n  Solution Manuals\n<\/div>\n<\/div>\n<p><\/a>\n<\/div>\n<div class=\"col-md-4\">\n<a href=\"https:\/\/docs.google.com\/document\/d\/1ePeTJokoEbiA0b3-zG5E6k0VS8g1ZJkXYGI9l_A6UUA\/edit?usp=sharing\" target=\"_blank\" title=\"Karel Manual\"><\/p>\n<div class=\"panel panel-default book-panel\">\n<div class=\"panel-heading book-karel-manual es-me\">\n<div class=\"bookFlag flag-es-me\"><\/div>\n<\/div>\n<div class=\"panel-body book-panel-body\">\n  Manual de Soluciones\n<\/div>\n<\/div>\n<p><\/a>\n<\/div>\n<div class=\"col-md-4\">\n<a href=\"https:\/\/docs.google.com\/document\/d\/1u6K3t5FSyvXF3UlJzjc0b8uk6C3Jv9s2Kf9Ha7rTPdQ\/edit?usp=sharing\" target=\"_blank\" title=\"Karel Manual\"><\/p>\n<div class=\"panel panel-default book-panel\">\n<div class=\"panel-heading book-karel-manual el\">\n<div class=\"bookFlag flag-el\"><\/div>\n<\/div>\n<div class=\"panel-body book-panel-body\">\n  \u038f\u03c1\u03b1 \u03c4\u03bf\u03c5 \u039a\u03ce\u03b4\u03b9\u03ba\u03b1 \u0395\u03b3\u03c7\u03b5\u03b9\u03c1\u03af\u03b4\u03b9\u03bf \u039b\u03cd\u03c3\u03b7\n<\/div>\n<\/div>\n<p><\/a>\n<\/div>\n<\/div>\n<p><!-- Second row --><\/p>\n<div class=\"row\" style=\"margin: 10px 12px;\">\n<div class=\"col-md-4\">\n<a href=\"https:\/\/docs.google.com\/document\/d\/1JWHhblz5Ivq-rLVfAjGxrVkmn5xoXBoPftIkYsNWF9M\/edit?usp=sharing\" target=\"_blank\" title=\"Karel Manual\"><\/p>\n<div class=\"panel panel-default book-panel\">\n<div class=\"panel-heading book-karel-manual de\">\n<div class=\"bookFlag flag-de\"><\/div>\n<\/div>\n<div class=\"panel-body book-panel-body\">\n  L\u00f6sungsbuch\n<\/div>\n<\/div>\n<p><\/a>\n<\/div>\n<div class=\"col-md-4\">\n<a href=\"https:\/\/docs.google.com\/document\/d\/1UCsIzqrWC7hEZuLPkL7IrRQU8InC6YEsnn1lv0_MAgo\/edit?usp=sharing\" target=\"_blank\" title=\"Karel Manual\"><\/p>\n<div class=\"panel panel-default book-panel\">\n<div class=\"panel-heading book-karel-manual fr\">\n<div class=\"bookFlag flag-fr\"><\/div>\n<\/div>\n<div class=\"panel-body book-panel-body\">\n  Manuel de Solutions\n<\/div>\n<\/div>\n<p><\/a>\n<\/div>\n<div class=\"col-md-4\">\n<a href=\"https:\/\/docs.google.com\/document\/d\/1mmt24-mS42mDcDfE7o1G251x_zIGkrMnSvUz_FpDucg\/edit?usp=sharing\" target=\"_blank\" title=\"Karel Manual\"><\/p>\n<div class=\"panel panel-default book-panel\">\n<div class=\"panel-heading book-karel-manual it\">\n<div class=\"bookFlag flag-it\"><\/div>\n<\/div>\n<div class=\"panel-body book-panel-body\">\n  Manuale di Soluzioni\n<\/div>\n<\/div>\n<p><\/a>\n<\/div>\n<\/div>\n<p><!-- Third row --><\/p>\n<div class=\"row\" style=\"margin: 10px 12px;\">\n<div class=\"col-md-4\">\n<a href=\"https:\/\/docs.google.com\/document\/d\/1o5nCG8CkOrtbWR-2ZzHLDAz4uk4tlaWQiFJMkEgDajo\/edit?usp=sharing\" target=\"_blank\" title=\"Karel Manual\"><\/p>\n<div class=\"panel panel-default book-panel\">\n<div class=\"panel-heading book-karel-manual pl\">\n<div class=\"bookFlag flag-pl\"><\/div>\n<\/div>\n<div class=\"panel-body book-panel-body\">\n  Podr\u0119cznik Rozwi\u0105za\u0144\n<\/div>\n<\/div>\n<p><\/a>\n<\/div>\n<div class=\"col-md-4\">\n<a href=\"https:\/\/docs.google.com\/document\/d\/1X2TddrgdWWLRa3zWMHOaFbLig9HgK1PydVkBI7lLYoY\/edit?usp=sharing\" target=\"_blank\" title=\"Karel Manual\"><\/p>\n<div class=\"panel panel-default book-panel\">\n<div class=\"panel-heading book-karel-manual cs\">\n<div class=\"bookFlag flag-cs\"><\/div>\n<\/div>\n<div class=\"panel-body book-panel-body\">\n  P\u0159\u00edru\u010dka \u0159e\u0161en\u00ed\n<\/div>\n<\/div>\n<p><\/a>\n<\/div>\n<div class=\"col-md-4\">\n<a href=\"https:\/\/docs.google.com\/document\/d\/1JQZFeM7KBUmbwdhP3pD3HreIZgJ4CsL0HY2RYCivHGQ\/edit?usp=sharing\" target=\"_blank\" title=\"Karel Manual\"><\/p>\n<div class=\"panel panel-default book-panel\">\n<div class=\"panel-heading book-karel-manual zh\">\n<div class=\"bookFlag flag-zh\"><\/div>\n<\/div>\n<div class=\"panel-body book-panel-body\">\n  \u5178\u5c0f\u65f6\u89e3\u51b3\u65b9\u6848\u624b\u518c\n<\/div>\n<\/div>\n<p><\/a>\n<\/div>\n<\/div>\n<p><!-- Fourth row --><\/p>\n<div class=\"row\" style=\"margin: 10px 12px;\">\n<div class=\"col-md-4\">\n<\/div>\n<div class=\"col-md-4\">\n<a href=\"https:\/\/docs.google.com\/document\/d\/1vSFEqTyFhTPdvQkuJP7vn8ZJaKYhZ23liGIRMJVvugM\/edit?usp=sharing\" target=\"_blank\" title=\"Karel Manual\"><\/p>\n<div class=\"panel panel-default book-panel\">\n<div class=\"panel-heading book-karel-manual ru\">\n<div class=\"bookFlag flag-ru\"><\/div>\n<\/div>\n<div class=\"panel-body book-panel-body\">\n  \u0427\u0430\u0441 K\u043e\u0434\u0438\u0440\u043e\u0432\u0430\u043d\u0438\u044f \u0420\u0443\u043a\u043e\u0432\u043e\u0434\u0441\u0442\u0432\u043e \u0420\u0435\u0448\u0435\u043d\u0438\u0439\n<\/div>\n<\/div>\n<p><\/a>\n<\/div>\n","protected":false},"excerpt":{"rendered":"<p>Solution Manuals Manual de Soluciones \u038f\u03c1\u03b1 \u03c4\u03bf\u03c5 \u039a\u03ce\u03b4\u03b9\u03ba\u03b1 \u0395\u03b3\u03c7\u03b5\u03b9\u03c1\u03af\u03b4\u03b9\u03bf \u039b\u03cd\u03c3\u03b7 L\u00f6sungsbuch Manuel de Solutions Manuale di Soluzioni Podr\u0119cznik Rozwi\u0105za\u0144 P\u0159\u00edru\u010dka \u0159e\u0161en\u00ed \u5178\u5c0f\u65f6\u89e3\u51b3\u65b9\u6848\u624b\u518c \u0427\u0430\u0441 K\u043e\u0434\u0438\u0440\u043e\u0432\u0430\u043d\u0438\u044f \u0420\u0443\u043a\u043e\u0432\u043e\u0434\u0441\u0442\u0432\u043e \u0420\u0435\u0448\u0435\u043d\u0438\u0439<\/p>\n","protected":false},"author":7,"featured_media":0,"parent":0,"menu_order":0,"comment_status":"closed","ping_status":"closed","template":"","meta":{"footnotes":""},"class_list":["post-164","page","type-page","status-publish","hentry"],"_links":{"self":[{"href":"https:\/\/hoc.nclab.com\/karel\/wp-json\/wp\/v2\/pages\/164"}],"collection":[{"href":"https:\/\/hoc.nclab.com\/karel\/wp-json\/wp\/v2\/pages"}],"about":[{"href":"https:\/\/hoc.nclab.com\/karel\/wp-json\/wp\/v2\/types\/page"}],"author":[{"embeddable":true,"href":"https:\/\/hoc.nclab.com\/karel\/wp-json\/wp\/v2\/users\/7"}],"replies":[{"embeddable":true,"href":"https:\/\/hoc.nclab.com\/karel\/wp-json\/wp\/v2\/comments?post=164"}],"version-history":[{"count":16,"href":"https:\/\/hoc.nclab.com\/karel\/wp-json\/wp\/v2\/pages\/164\/revisions"}],"predecessor-version":[{"id":446,"href":"https:\/\/hoc.nclab.com\/karel\/wp-json\/wp\/v2\/pages\/164\/revisions\/446"}],"wp:attachment":[{"href":"https:\/\/hoc.nclab.com\/karel\/wp-json\/wp\/v2\/media?parent=164"}],"curies":[{"name":"wp","href":"https:\/\/api.w.org\/{rel}","templated":true}]}}