{"id":229,"date":"2015-10-16T00:13:48","date_gmt":"2015-10-15T23:42:14","guid":{"rendered":"https:\/\/hoc.nclab.com\/karel\/?page_id=229"},"modified":"2015-10-17T17:06:35","modified_gmt":"2015-10-17T17:06:35","slug":"229-2","status":"publish","type":"page","link":"https:\/\/hoc.nclab.com\/karel\/229-2\/","title":{"rendered":"Agradecimiento"},"content":{"rendered":"<p>\n  <a href=\"\/karel\" class=\"linkToHome\">&larr; Volver a los tutoriales de programaci\u00f3n con Karel.<\/a>\n<\/p>\n<h1>\u00a1Gracias!<\/h1>\n<p>\u00a1Muchas gracias por hacer posible que los tutoriales de programaci\u00f3n con Karel est\u00e9n disponibles para m\u00e1s ni\u00f1os gracias a la traducci\u00f3n a distintos idiomas!<\/p>\n<h2>Agradecimiento<\/h2>\n<ul>\n<li><strong>Kia Yang Chua<\/strong>(University of Nevada, Reno) \u2013 Review of Karel solution programs in Chinese<\/li>\n<li><strong>Sascha Schnepp<\/strong> (Zurich, Switzerland) \u2013 Review of German translations and video subtitles<\/li>\n<li><strong>Isabelle Rami\u00e8re<\/strong> (Saint-Paul-Lez-Durance, France) \u2013 Review of French translations and video subtitles<\/li>\n<li><strong>Ferdinando llardi<\/strong> (Roma, Italy) \u2013 Italian translations and video subtitles<\/li>\n<li><strong>Cheng Luo<\/strong> (Beijing) \u2013 Chinese translations and video subtitles<\/li>\n<li><strong>Krzysztof W\u00f3jcik<\/strong> (Wroclaw, Poland) &#8211; Polish translations of video subtitles<\/li>\n<li><strong>Bart\u0142omiej Fi\u0142o\u0144<\/strong> (Wroclaw, Poland) &#8211; Polish translations of tutorials<\/li>\n<li><strong>Maxwell Taylor<\/strong> (San Luis Obispo) \u2013 French translations of video subtitles<\/li>\n<li><strong>Jose Luis Galan Garcia<\/strong> (Malaga, Spain) \u2013 Review of Spanish translations and video subtitles<\/li>\n<li><strong>Moritz Braun<\/strong> (Pretoria, South Africa) \u2013 German subtitles for Karel Video 1<\/li>\n<\/ul>\n<h2>\u00bfQuiere traducir Karel a su idioma?<\/h2>\n<p>\u00a1Visite\u00a0<a href=\"https:\/\/nclab.com\/kareltranslations\/\" target=\"_blank\">esta p\u00e1gina<\/a> para saber c\u00f3mo hacerlo!<\/p>\n","protected":false},"excerpt":{"rendered":"<p>&larr; Volver a los tutoriales de programaci\u00f3n con Karel. \u00a1Gracias! \u00a1Muchas gracias por hacer posible que los tutoriales de programaci\u00f3n con Karel est\u00e9n disponibles para m\u00e1s ni\u00f1os gracias a la traducci\u00f3n a distintos idiomas! Agradecimiento Kia Yang Chua(University of Nevada, Reno) \u2013 Review of Karel solution programs in Chinese Sascha Schnepp (Zurich, Switzerland) \u2013 Review [&hellip;]<\/p>\n","protected":false},"author":7,"featured_media":0,"parent":0,"menu_order":0,"comment_status":"closed","ping_status":"closed","template":"","meta":{"footnotes":""},"class_list":["post-229","page","type-page","status-publish","hentry"],"_links":{"self":[{"href":"https:\/\/hoc.nclab.com\/karel\/wp-json\/wp\/v2\/pages\/229"}],"collection":[{"href":"https:\/\/hoc.nclab.com\/karel\/wp-json\/wp\/v2\/pages"}],"about":[{"href":"https:\/\/hoc.nclab.com\/karel\/wp-json\/wp\/v2\/types\/page"}],"author":[{"embeddable":true,"href":"https:\/\/hoc.nclab.com\/karel\/wp-json\/wp\/v2\/users\/7"}],"replies":[{"embeddable":true,"href":"https:\/\/hoc.nclab.com\/karel\/wp-json\/wp\/v2\/comments?post=229"}],"version-history":[{"count":10,"href":"https:\/\/hoc.nclab.com\/karel\/wp-json\/wp\/v2\/pages\/229\/revisions"}],"predecessor-version":[{"id":277,"href":"https:\/\/hoc.nclab.com\/karel\/wp-json\/wp\/v2\/pages\/229\/revisions\/277"}],"wp:attachment":[{"href":"https:\/\/hoc.nclab.com\/karel\/wp-json\/wp\/v2\/media?parent=229"}],"curies":[{"name":"wp","href":"https:\/\/api.w.org\/{rel}","templated":true}]}}